{"id":533,"date":"2021-11-15T21:58:39","date_gmt":"2021-11-15T20:58:39","guid":{"rendered":"https:\/\/www.cukropol.pl\/?page_id=533"},"modified":"2022-03-19T01:43:37","modified_gmt":"2022-03-19T00:43:37","slug":"privacy-policy","status":"publish","type":"page","link":"https:\/\/www.cukropol.pl\/en\/privacy-policy\/","title":{"rendered":"Privacy policy"},"content":{"rendered":"\r\n<h3 class=\"wp-block-heading\"><strong><b>Polityka Prywatno\u015bci &#8211; Pliki Cookie<\/b><\/strong><\/h3>\r\n<p>Prywatno\u015b\u0107 u\u017cytkownik\u00f3w naszego serwisu jest dla nas bardzo wa\u017cna.\u00a0<\/p>\r\n<p>Poni\u017cej znajduje si\u0119 informacja o danych osobistych pobieranych w momencie odwiedzin stron serwis\u00f3w internetowych prowadzonych przez Firm\u0119 Markowski Sp\u00f3\u0142ka z ograniczon\u0105 odpowiedzialno\u015bci\u0105 Sp\u00f3\u0142ka Komandytowa.<\/p>\r\n<p>Odbiorc\u0105 Pa\u0144stwa danych osobowych s\u0105 pracownicy i wsp\u00f3\u0142pracownicy oraz partnerzy wspomagaj\u0105cy administratora w jego dzia\u0142alno\u015bci.<\/p>\r\n<p><strong><b>Administrator<\/b><\/strong>\u00a0\u2013 Administratorem jest Firma Markowski Sp\u00f3\u0142ka z ograniczon\u0105 odpowiedzialno\u015bci\u0105 Sp\u00f3\u0142ka Komandytowa, ul. Starogosty\u0144ska 7, 63-800 Gosty\u0144, numer NIP: 6961880991, numer REGON: 364832709.\u00a0<\/p>\r\n<h3><strong><b>Pliki z logami<\/b><\/strong><\/h3>\r\n<p>Tak jak wi\u0119kszo\u015b\u0107 innych witryn internetowych zbieramy i wykorzystujemy dane zawarte w plikach log\u00f3w. Informacje z plik\u00f3w log\u00f3w zawieraj\u0105 Tw\u00f3j numer IP, nazw\u0119 sieciow\u0105 komputera (host), Twojego dostawc\u0119 Internetu, przegl\u0105dark\u0119, z kt\u00f3rej korzystasz (na przyk\u0142ad Internet Explorer lub Mozilla Firefox), czas jaki sp\u0119dzasz na stronie oraz kt\u00f3re strony otwierasz, korzystaj\u0105c z naszego serwisu.<\/p>\r\n<h3><strong><b>Pliki cookie i sygnalizatory WWW<\/b><\/strong><\/h3>\r\n<p>U\u017cywamy plik\u00f3w cookie (ciasteczek) do przechowywania informacji takich, jak Twoje osobiste ustawienia, kiedy odwiedzasz nasz serwis. Mo\u017ce to obejmowa\u0107 mo\u017cliwo\u015b\u0107 zalogowania do niekt\u00f3rych funkcji serwisu, jak forum, czat, czy pola formularzy.<\/p>\r\n<p>Ponadto wy\u015bwietlamy pochodz\u0105ce z zewn\u0119trznych serwis\u00f3w reklamy, aby utrzyma\u0107 nasz\u0105 stron\u0119. Niekt\u00f3rzy z tych reklamodawc\u00f3w mog\u0105 u\u017cywa\u0107 takich technologii jak pliki cookie, czy sygnalizatory WWW, co w momencie wy\u015bwietlania ich reklam na naszej stronie spowoduje przes\u0142anie reklamodawcom informacji zawieraj\u0105cych Tw\u00f3j adres IP, dostawc\u0119 Internetu, typ przegl\u0105darki, z kt\u00f3rej korzystasz i w niekt\u00f3rych przypadkach informacj\u0119 o zainstalowaniu dodatku Flash. Na og\u00f3\u0142 jest to u\u017cywane do wy\u015bwietlania u\u017cytkownikom reklam z ich okolicy (na przyk\u0142ad reklamy sklep\u00f3w w Warszawie serwowane u\u017cytkownikowi ze stolicy) lub dobierania reklam na podstawie stron, kt\u00f3re odwiedzili wcze\u015bniej (pokazywanie reklam firm spo\u017cywczych u\u017cytkownikowi, kt\u00f3ry cz\u0119sto odwiedza strony kucharskie).<\/p>\r\n<p>Mo\u017cesz zdezaktywowa\u0107 lub ca\u0142kowicie wy\u0142\u0105czy\u0107 pliki cookies na naszych stronach lub stronach naszych reklamodawc\u00f3w w opcjach swojej przegl\u0105darki internetowej lub wybieraj\u0105c odpowiedni\u0105 opcj\u0119 w programach typu firewall (np. Norton Internet Security). Wy\u0142\u0105czenie plik\u00f3w cookie mo\u017ce jednak spowodowa\u0107 niemo\u017cliwo\u015b\u0107 pe\u0142nego wykorzystania opcji naszego serwisu. Nie b\u0119dzie mo\u017cna mi\u0119dzy innymi zalogowa\u0107 si\u0119 do for oraz tworzenia i logowania do w\u0142asnych kont.<\/p>\r\n<p><strong><b>Cookies<\/b><\/strong> &#8211; dane informatyczne, niewielkie pliki tekstowe, zapisywane i przechowywane na urz\u0105dzeniach za po\u015brednictwem, kt\u00f3rych U\u017cytkownik korzysta ze strony internetowej Administratora.<\/p>\r\n<p><strong><b>Urz\u0105dzenie <\/b><\/strong>&#8211; elektroniczne urz\u0105dzenie za po\u015brednictwem, kt\u00f3rego U\u017cytkownik uzyskuje dost\u0119p do strony internetowej Administratora.<\/p>\r\n<p><strong><b>U\u017cytkownik<\/b><\/strong> &#8211; oznacza podmiot, na rzecz, kt\u00f3rego zgodnie z Regulaminem i przepisami prawa mog\u0105 by\u0107 \u015bwiadczone us\u0142ugi drog\u0105 elektroniczn\u0105 lub z kt\u00f3rym zawarta mo\u017ce by\u0107 Umowa o \u015bwiadczenie us\u0142ug drog\u0105 elektroniczn\u0105.<\/p>\r\n<h3><strong><b>STOSOWANIE PLIK\u00d3W COOKIES:<\/b><\/strong><\/h3>\r\n<p>Administrator za po\u015brednictwem strony internetowej wykorzystuje pliki Cookies. Informacje zgromadzone na podstawie plik\u00f3w Cookies wykorzystywane s\u0105 w celach w\u0142a\u015bciwej optymalizacji dzia\u0142ania strony internetowej, a tak\u017ce w celach statystycznych oraz reklamowych.<\/p>\r\n<p>Pliki Cookies rejestruj\u0105 aktywno\u015b\u0107 U\u017cytkownika strony internetowej rozpoznaj\u0105c urz\u0105dzenie, dzi\u0119ki czemu strona internetowa wy\u015bwietlana jest w spos\u00f3b zoptymalizowany do indywidualnych preferencji U\u017cytkownika.<\/p>\r\n<p>Stosowane na stronie internetowej rozwi\u0105zania s\u0105 bezpieczne dla urz\u0105dze\u0144 U\u017cytkownik\u00f3w korzystaj\u0105cych ze strony internetowej Administratora. Nie jest mo\u017cliwe przedostanie si\u0119 do urz\u0105dze\u0144 U\u017cytkownik\u00f3w niebezpiecznego lub z\u0142o\u015bliwego oprogramowania.<\/p>\r\n<h3><strong><b>Administrator wykorzystuje dwa typy plik\u00f3w Cookies:<\/b><\/strong><\/h3>\r\n<p>Cookies sesyjne: to pliki, kt\u00f3re s\u0105 przechowywane na urz\u0105dzeniu U\u017cytkownika i pozostaj\u0105 tam do momentu zako\u0144czenia sesji danej przegl\u0105darki. Zapisane informacje s\u0105 w\u00f3wczas trwale usuwane <br \/>z pami\u0119ci Urz\u0105dzenia. Mechanizm Cookies sesyjnych nie pozwala na pobieranie jakichkolwiek danych osobowych ani \u017cadnych informacji poufnych z urz\u0105dzenia U\u017cytkownika.<\/p>\r\n<p>Cookies trwa\u0142e: s\u0105 przechowywane na urz\u0105dzeniu U\u017cytkownika i pozostaj\u0105 tam do momentu ich skasowania. Zako\u0144czenie sesji danej przegl\u0105darki lub wy\u0142\u0105czenie Urz\u0105dzenia nie powoduje ich usuni\u0119cia z urz\u0105dzenia. Mechanizm Cookies trwa\u0142ych nie pozwala na pobieranie jakichkolwiek danych osobowych ani \u017cadnych informacji poufnych z urz\u0105dzenia U\u017cytkownika.<\/p>\r\n<h3><strong><b>SPOSOBY OKRE\u015aLENIA WARUNK\u00d3W PRZECHOWYWANIA LUB UZYSKIWANIA DOST\u0118P\u00d3W DO COOKIES:<\/b><\/strong><\/h3>\r\n<p>U\u017cytkownik ma mo\u017cliwo\u015b\u0107 ograniczenia lub wy\u0142\u0105czenia dost\u0119pu plik\u00f3w Cookies do swojego urz\u0105dzenia. W przypadku skorzystania z tej opcji korzystanie ze Serwisu b\u0119dzie mo\u017cliwe, poza funkcjami, kt\u00f3re ze swojej natury wymagaj\u0105 plik\u00f3w Cookies.<\/p>\r\n<p>U\u017cytkownik mo\u017ce samodzielnie i w ka\u017cdym czasie zmieni\u0107 ustawienia dotycz\u0105ce plik\u00f3w Cookies, okre\u015blaj\u0105c warunki ich przechowywania i uzyskiwania dost\u0119pu przez pliki Cookies do urz\u0105dzenia U\u017cytkownika. Zmiany ustawie\u0144, o kt\u00f3rych mowa powy\u017cej, U\u017cytkownik mo\u017ce dokona\u0107 za pomoc\u0105 ustawie\u0144 przegl\u0105darki internetowej lub za pomoc\u0105 konfiguracji us\u0142ugi. Ustawienia te mog\u0105 zosta\u0107 zmienione w szczeg\u00f3lno\u015bci w taki spos\u00f3b, aby blokowa\u0107 automatyczn\u0105 obs\u0142ug\u0119 plik\u00f3w Cookies w ustawieniach przegl\u0105darki internetowej b\u0105d\u017a informowa\u0107 o ich ka\u017cdorazowym zamieszczeniu Cookies na urz\u0105dzeniu. Szczeg\u00f3\u0142owe informacje o mo\u017cliwo\u015bci i sposobach obs\u0142ugi plik\u00f3w Cookies dost\u0119pne s\u0105 w ustawieniach oprogramowania (przegl\u0105darki internetowej).<\/p>\r\n<p><strong><b>U\u017cytkownik mo\u017ce w ka\u017cdej chwili usun\u0105\u0107 pliki Cookies korzystaj\u0105c z dost\u0119pnych funkcji w przegl\u0105darce internetowej, kt\u00f3rej u\u017cywa.<\/b><\/strong><\/p>\r\n<p>Ograniczenie stosowania plik\u00f3w Cookies, mo\u017ce wp\u0142yn\u0105\u0107 na niekt\u00f3re funkcjonalno\u015bci dost\u0119pne na stronie internetowej Administratora.<\/p>\r\n","protected":false},"excerpt":{"rendered":"<p>Polityka Prywatno\u015bci &#8211; Pliki Cookie Prywatno\u015b\u0107 u\u017cytkownik\u00f3w naszego serwisu jest dla nas bardzo wa\u017cna.\u00a0 Poni\u017cej znajduje si\u0119 informacja o danych osobistych pobieranych w momencie odwiedzin stron serwis\u00f3w internetowych prowadzonych przez Firm\u0119 Markowski Sp\u00f3\u0142ka z ograniczon\u0105 odpowiedzialno\u015bci\u0105 Sp\u00f3\u0142ka Komandytowa. Odbiorc\u0105 Pa\u0144stwa danych osobowych s\u0105 pracownicy i wsp\u00f3\u0142pracownicy oraz partnerzy wspomagaj\u0105cy administratora w jego dzia\u0142alno\u015bci. Administrator\u00a0\u2013 Administratorem [&hellip;]<\/p>\n","protected":false},"author":1,"featured_media":0,"parent":0,"menu_order":0,"comment_status":"closed","ping_status":"closed","template":"","meta":{"_acf_changed":false,"footnotes":""},"class_list":["post-533","page","type-page","status-publish","hentry"],"acf":[],"_links":{"self":[{"href":"https:\/\/www.cukropol.pl\/en\/wp-json\/wp\/v2\/pages\/533","targetHints":{"allow":["GET"]}}],"collection":[{"href":"https:\/\/www.cukropol.pl\/en\/wp-json\/wp\/v2\/pages"}],"about":[{"href":"https:\/\/www.cukropol.pl\/en\/wp-json\/wp\/v2\/types\/page"}],"author":[{"embeddable":true,"href":"https:\/\/www.cukropol.pl\/en\/wp-json\/wp\/v2\/users\/1"}],"replies":[{"embeddable":true,"href":"https:\/\/www.cukropol.pl\/en\/wp-json\/wp\/v2\/comments?post=533"}],"version-history":[{"count":4,"href":"https:\/\/www.cukropol.pl\/en\/wp-json\/wp\/v2\/pages\/533\/revisions"}],"predecessor-version":[{"id":696,"href":"https:\/\/www.cukropol.pl\/en\/wp-json\/wp\/v2\/pages\/533\/revisions\/696"}],"wp:attachment":[{"href":"https:\/\/www.cukropol.pl\/en\/wp-json\/wp\/v2\/media?parent=533"}],"curies":[{"name":"wp","href":"https:\/\/api.w.org\/{rel}","templated":true}]}}