{"id":612,"date":"2021-11-16T22:44:31","date_gmt":"2021-11-16T21:44:31","guid":{"rendered":"https:\/\/www.cukropol.pl\/?page_id=612"},"modified":"2021-11-16T22:44:31","modified_gmt":"2021-11-16T21:44:31","slug":"hotelregeln","status":"publish","type":"page","link":"https:\/\/www.cukropol.pl\/de\/hotelregeln\/","title":{"rendered":"Hotelregeln"},"content":{"rendered":"<ol>\n<li>Der Hoteltag dauert von 14:00 bis 10:00 Uhr am n\u00e4chsten Tag.<\/li>\n<li>Verl\u00e4ngerung des Hoteltages bis 14.00 Uhr (nach Verf\u00fcgbarkeit) am Abreisetag werden 50% des Zimmerpreises (Nachtpreis) verrechnet. Bei einem sp\u00e4ten Check-out nach 18.00 Uhr am Abreisetag werden 100 % des Zimmerpreises (letzte Nacht) berechnet.<\/li>\n<li>Das Hotel ber\u00fccksichtigt den Wunsch einer Verl\u00e4ngerung des Aufenthaltes, sowie W\u00fcnsche nach vorzeitiger Unterbringung, wenn m\u00f6glich.<\/li>\n<li>Das Fr\u00fchst\u00fcck wird von Montag bis Samstag von 6.00 bis 9.30 Uhr serviert. Am Sonntag von 7.00 bis 10.00 Uhr<\/li>\n<li>Grundlage f\u00fcr die Aufnahme eines Gastes ist die Vorlage eines Personalausweises oder Reisepasses an die Rezeption.<\/li>\n<li>Nicht eingecheckte Personen k\u00f6nnen nicht in den Hotelzimmern \u00fcbernachten.<\/li>\n<li>Bei jedem Verlassen des Zimmers sollte der Gast \u00fcberpr\u00fcfen, ob die T\u00fcr abgeschlossen ist, und beim Verlassen des Hotels den Schl\u00fcssel an der Rezeption abgeben.<\/li>\n<li>Das Hotel kann die Aufnahme eines Gastes verweigern, der bei seinem vorherigen Aufenthalt grob gegen die Hotelordnung versto\u00dfen, am Eigentum des Hotels oder der G\u00e4ste oder Dritten Schaden zugef\u00fcgt hat oder sonst die Ruhe im Hotel st\u00f6rt.<\/li>\n<li>Das Hotel haftet nicht f\u00fcr den Verlust oder die Besch\u00e4digung von Geld, Wertpapieren, Kostbarkeiten, sonstigen Sachen und Kostbarkeiten oder Gegenst\u00e4nden von wissenschaftlichem oder k\u00fcnstlerischem Wert.<\/li>\n<li>F\u00fcr eine durch sein Verschulden verursachte Besch\u00e4digung oder Zerst\u00f6rung der Hotelausstattung und der technischen Ger\u00e4te haftet der Gast finanziell. Der Gast sollte den Schaden an der Rezeption melden, um einen Schadensbericht zu erstellen. Grundlage f\u00fcr die Anspr\u00fcche des Hotels ist Art. 415 des B\u00fcrgerlichen Gesetzbuches. F\u00fcr die Verw\u00fcstung eines Hotelzimmers mit einem Betrag in H\u00f6he des Zimmermietpreises f\u00fcr den Zeitraum des Ausschlusses vom Verkauf, Reparatur von M\u00f6beln, Ger\u00e4ten gem\u00e4\u00df Preisliste des Herstellers und der Dienstleistung.<\/li>\n<li>Preisliste f\u00fcr vom Gast verursachte Sch\u00e4den:<br \/>\n&#8211; verlorene Schl\u00fcssel &#8230;&#8230;&#8230;&#8230;&#8230;&#8230;&#8230;&#8230;.. 100 z\u0142<br \/>\n&#8211; Tabak rauchen &#8230;&#8230;&#8230;&#8230;&#8230;&#8230;&#8230;&#8230;&#8230;.. 400 z\u0142<br \/>\n&#8211; Teppich waschen &#8230;&#8230;&#8230;&#8230;&#8230;&#8230;.. 250 z\u0142<br \/>\n&#8211; W\u00e4nde streichen &#8230;&#8230;&#8230;&#8230;&#8230;&#8230;&#8230;&#8230;&#8230;. 400 z\u0142<br \/>\n&#8211; Zerst\u00f6rung von Hotelbettw\u00e4sche &#8230;&#8230; 200 z\u0142<\/li>\n<li>Der Gast darf das Zimmer nicht an Dritte weitergeben, auch wenn der Zeitraum, f\u00fcr den er das Aufenthaltsentgelt bezahlt hat, noch nicht abgelaufen ist.<\/li>\n<li>Das Hotel schweigt von 22.00 bis 7.00 Uhr. W\u00e4hrend der Ruhezeiten sind die Personen, die die Dienstleistungen des Hotels nutzen, verpflichtet, sich so zu verhalten, dass die Ruhe anderer G\u00e4ste nicht gest\u00f6rt wird.<\/li>\n<li>Aus Brandschutzgr\u00fcnden ist es in den Hotelzimmern verboten, Heizk\u00f6rper und andere elektrische Ger\u00e4te zu verwenden, die nicht zur Zimmerausstattung geh\u00f6ren. Dies gilt nicht f\u00fcr Ladeger\u00e4te und Netzteile f\u00fcr RTV- und Computerger\u00e4te. Es ist auch verboten, offenes Feuer zu verwenden.<\/li>\n<li>Das Rauchen ist im gesamten Hotel verboten. Bei Anzeichen von Rauchen im Zimmer berechnet das Hotel dem Gast eine Geb\u00fchr f\u00fcr die Reinigung des Zimmers in H\u00f6he von 400 PLN.<\/li>\n<li>F\u00fcr den Verlust eines Zimmerschl\u00fcssels wird eine Geb\u00fchr von PLN 100 erhoben.<\/li>\n<li>Im Falle eines Versto\u00dfes gegen die Bestimmungen kann das Hotel die weitere Leistungserbringung gegen\u00fcber der Person verweigern, die gegen die Bestimmungen verst\u00f6\u00dft. Eine solche Person ist verpflichtet, den Aufforderungen des Hotels unverz\u00fcglich nachzukommen, insbesondere die entstandenen Sch\u00e4den und Zerst\u00f6rungen zu ersetzen und das Hotelgel\u00e4nde zu verlassen. In diesem Fall erstattet das Hotel den Zimmerpreis nicht. Gleichzeitig ist die Empfangsdame berechtigt, die Polizeibeh\u00f6rden zu rufen, um eingreifen zu k\u00f6nnen.<\/li>\n<li>Vom abreisenden Gast im Hotelzimmer zur\u00fcckgelassene pers\u00f6nliche Gegenst\u00e4nde werden auf seine Kosten an die angegebene Adresse zur\u00fcckgesandt. Mangels Weisung wird das Hotel die Sachen einen Monat aufbewahren.<\/li>\n<li>Das Hotel bietet Dienstleistungen entsprechend seiner Kategorie und seinem Standard. Im Falle von Vorbehalten bez\u00fcglich der Qualit\u00e4t der Dienstleistungen wird der Gast gebeten, diese so schnell wie m\u00f6glich an der Rezeption zu melden, damit das Hotel sofort reagieren kann, oder an die E-Mail-Adresse.: hotel@cukropol.pl<\/li>\n<li>Die Gew\u00e4hrleistung Ihrer Sicherheit ist unsere Priorit\u00e4t, daher m\u00fcssen wir alle bestimmte Regeln befolgen. Die Regelungen sind integraler Bestandteil, deren Abschluss bereits bei der Zimmerreservierung erfolgt, eine Vorauszahlung. Durch die Durchf\u00fchrung der oben genannten Aktivit\u00e4ten und mit seiner pers\u00f6nlichen Unterschrift auf der Registrierungskarte best\u00e4tigt der Gast, dass er die Bedingungen der oben genannten Bestimmungen gelesen und akzeptiert hat.<\/li>\n<\/ol>\n","protected":false},"excerpt":{"rendered":"<p>Der Hoteltag dauert von 14:00 bis 10:00 Uhr am n\u00e4chsten Tag. Verl\u00e4ngerung des Hoteltages bis 14.00 Uhr (nach Verf\u00fcgbarkeit) am Abreisetag werden 50% des Zimmerpreises (Nachtpreis) verrechnet. Bei einem sp\u00e4ten Check-out nach 18.00 Uhr am Abreisetag werden 100 % des Zimmerpreises (letzte Nacht) berechnet. Das Hotel ber\u00fccksichtigt den Wunsch einer Verl\u00e4ngerung des Aufenthaltes, sowie W\u00fcnsche [&hellip;]<\/p>\n","protected":false},"author":1,"featured_media":0,"parent":0,"menu_order":0,"comment_status":"closed","ping_status":"open","template":"","meta":{"_acf_changed":false,"footnotes":""},"class_list":["post-612","page","type-page","status-publish","hentry"],"acf":[],"_links":{"self":[{"href":"https:\/\/www.cukropol.pl\/de\/wp-json\/wp\/v2\/pages\/612","targetHints":{"allow":["GET"]}}],"collection":[{"href":"https:\/\/www.cukropol.pl\/de\/wp-json\/wp\/v2\/pages"}],"about":[{"href":"https:\/\/www.cukropol.pl\/de\/wp-json\/wp\/v2\/types\/page"}],"author":[{"embeddable":true,"href":"https:\/\/www.cukropol.pl\/de\/wp-json\/wp\/v2\/users\/1"}],"replies":[{"embeddable":true,"href":"https:\/\/www.cukropol.pl\/de\/wp-json\/wp\/v2\/comments?post=612"}],"version-history":[{"count":3,"href":"https:\/\/www.cukropol.pl\/de\/wp-json\/wp\/v2\/pages\/612\/revisions"}],"predecessor-version":[{"id":615,"href":"https:\/\/www.cukropol.pl\/de\/wp-json\/wp\/v2\/pages\/612\/revisions\/615"}],"wp:attachment":[{"href":"https:\/\/www.cukropol.pl\/de\/wp-json\/wp\/v2\/media?parent=612"}],"curies":[{"name":"wp","href":"https:\/\/api.w.org\/{rel}","templated":true}]}}