{"id":594,"date":"2021-11-16T22:27:00","date_gmt":"2021-11-16T21:27:00","guid":{"rendered":"https:\/\/www.cukropol.pl\/?page_id=594"},"modified":"2021-11-16T22:27:12","modified_gmt":"2021-11-16T21:27:12","slug":"gelegentliche-veranstaltungen","status":"publish","type":"page","link":"https:\/\/www.cukropol.pl\/de\/gelegentliche-veranstaltungen\/","title":{"rendered":"Gelegentliche Veranstaltungen"},"content":{"rendered":"<p>Wir laden Sie ein, das Angebot der <strong>Organisation von Sonderveranstaltungen in unserem Hotel zu nutzen<\/strong>. In unserem Haus gibt es mehrere R\u00e4ume, die perfekt auf die Gr\u00f6\u00dfe und Art der Veranstaltung abgestimmt werden k\u00f6nnen.<\/p>\n","protected":false},"excerpt":{"rendered":"<p>Wir laden Sie ein, das Angebot der Organisation von Sonderveranstaltungen in unserem Hotel zu nutzen. In unserem Haus gibt es mehrere R\u00e4ume, die perfekt auf die Gr\u00f6\u00dfe und Art der Veranstaltung abgestimmt werden k\u00f6nnen.<\/p>\n","protected":false},"author":1,"featured_media":0,"parent":0,"menu_order":0,"comment_status":"closed","ping_status":"closed","template":"pages\/events.php","meta":{"_acf_changed":false,"footnotes":""},"class_list":["post-594","page","type-page","status-publish","hentry"],"acf":[],"_links":{"self":[{"href":"https:\/\/www.cukropol.pl\/de\/wp-json\/wp\/v2\/pages\/594","targetHints":{"allow":["GET"]}}],"collection":[{"href":"https:\/\/www.cukropol.pl\/de\/wp-json\/wp\/v2\/pages"}],"about":[{"href":"https:\/\/www.cukropol.pl\/de\/wp-json\/wp\/v2\/types\/page"}],"author":[{"embeddable":true,"href":"https:\/\/www.cukropol.pl\/de\/wp-json\/wp\/v2\/users\/1"}],"replies":[{"embeddable":true,"href":"https:\/\/www.cukropol.pl\/de\/wp-json\/wp\/v2\/comments?post=594"}],"version-history":[{"count":3,"href":"https:\/\/www.cukropol.pl\/de\/wp-json\/wp\/v2\/pages\/594\/revisions"}],"predecessor-version":[{"id":597,"href":"https:\/\/www.cukropol.pl\/de\/wp-json\/wp\/v2\/pages\/594\/revisions\/597"}],"wp:attachment":[{"href":"https:\/\/www.cukropol.pl\/de\/wp-json\/wp\/v2\/media?parent=594"}],"curies":[{"name":"wp","href":"https:\/\/api.w.org\/{rel}","templated":true}]}}