{"id":591,"date":"2021-11-16T22:20:52","date_gmt":"2021-11-16T21:20:52","guid":{"rendered":"https:\/\/www.cukropol.pl\/?page_id=591"},"modified":"2021-11-16T22:20:52","modified_gmt":"2021-11-16T21:20:52","slug":"restaurant","status":"publish","type":"page","link":"https:\/\/www.cukropol.pl\/de\/restaurant\/","title":{"rendered":"Restaurant"},"content":{"rendered":"<p>Wir empfehlen Ihnen, unser Restaurant zu besuchen. Wir bieten<strong> leckeres Fr\u00fchst\u00fcck<\/strong> (nicht nur f\u00fcr Hotelg\u00e4ste, in Buffetform), Mittag- und Abendessen. Unser Restaurant ist der perfekte Ort, um Zeit mit Ihren Lieben zu verbringen.<\/p>\n","protected":false},"excerpt":{"rendered":"<p>Wir empfehlen Ihnen, unser Restaurant zu besuchen. Wir bieten leckeres Fr\u00fchst\u00fcck (nicht nur f\u00fcr Hotelg\u00e4ste, in Buffetform), Mittag- und Abendessen. Unser Restaurant ist der perfekte Ort, um Zeit mit Ihren Lieben zu verbringen.<\/p>\n","protected":false},"author":1,"featured_media":0,"parent":0,"menu_order":0,"comment_status":"closed","ping_status":"closed","template":"pages\/restaurant.php","meta":{"_acf_changed":false,"footnotes":""},"class_list":["post-591","page","type-page","status-publish","hentry"],"acf":[],"_links":{"self":[{"href":"https:\/\/www.cukropol.pl\/de\/wp-json\/wp\/v2\/pages\/591","targetHints":{"allow":["GET"]}}],"collection":[{"href":"https:\/\/www.cukropol.pl\/de\/wp-json\/wp\/v2\/pages"}],"about":[{"href":"https:\/\/www.cukropol.pl\/de\/wp-json\/wp\/v2\/types\/page"}],"author":[{"embeddable":true,"href":"https:\/\/www.cukropol.pl\/de\/wp-json\/wp\/v2\/users\/1"}],"replies":[{"embeddable":true,"href":"https:\/\/www.cukropol.pl\/de\/wp-json\/wp\/v2\/comments?post=591"}],"version-history":[{"count":2,"href":"https:\/\/www.cukropol.pl\/de\/wp-json\/wp\/v2\/pages\/591\/revisions"}],"predecessor-version":[{"id":593,"href":"https:\/\/www.cukropol.pl\/de\/wp-json\/wp\/v2\/pages\/591\/revisions\/593"}],"wp:attachment":[{"href":"https:\/\/www.cukropol.pl\/de\/wp-json\/wp\/v2\/media?parent=591"}],"curies":[{"name":"wp","href":"https:\/\/api.w.org\/{rel}","templated":true}]}}