{"id":587,"date":"2021-11-16T22:15:30","date_gmt":"2021-11-16T21:15:30","guid":{"rendered":"https:\/\/www.cukropol.pl\/?page_id=587"},"modified":"2021-11-20T16:48:55","modified_gmt":"2021-11-20T15:48:55","slug":"heim","status":"publish","type":"page","link":"https:\/\/www.cukropol.pl\/de\/","title":{"rendered":"Heim"},"content":{"rendered":"<p>Das Hotel Cukropol wurde 1974 entworfen. Seitdem wurden unsere Schwellen von vielen G\u00e4sten, darunter auch Prominenten, besucht. Wir haben 57 Zimmer &#8211; Einzel- und Doppelzimmer. Wir haben auch ein behindertengerechtes Zimmer. Die Anlage verf\u00fcgt \u00fcber ein Restaurant und Veranstaltungsr\u00e4ume. Wir stellen unseren G\u00e4sten einen kostenlosen Internetzugang zur Verf\u00fcgung und die Rezeption ist 24 Stunden am Tag besetzt. <strong>Das Objekt befindet sich in der N\u00e4he des Zentrums von Gosty\u0144<\/strong>.<\/p>\n","protected":false},"excerpt":{"rendered":"<p>Das Hotel Cukropol wurde 1974 entworfen. Seitdem wurden unsere Schwellen von vielen G\u00e4sten, darunter auch Prominenten, besucht. Wir haben 57 Zimmer &#8211; Einzel- und Doppelzimmer. Wir haben auch ein behindertengerechtes Zimmer. Die Anlage verf\u00fcgt \u00fcber ein Restaurant und Veranstaltungsr\u00e4ume. Wir stellen unseren G\u00e4sten einen kostenlosen Internetzugang zur Verf\u00fcgung und die Rezeption ist 24 Stunden am [&hellip;]<\/p>\n","protected":false},"author":1,"featured_media":0,"parent":0,"menu_order":0,"comment_status":"closed","ping_status":"closed","template":"front-page.php","meta":{"_acf_changed":false,"footnotes":""},"class_list":["post-587","page","type-page","status-publish","hentry"],"acf":[],"_links":{"self":[{"href":"https:\/\/www.cukropol.pl\/de\/wp-json\/wp\/v2\/pages\/587","targetHints":{"allow":["GET"]}}],"collection":[{"href":"https:\/\/www.cukropol.pl\/de\/wp-json\/wp\/v2\/pages"}],"about":[{"href":"https:\/\/www.cukropol.pl\/de\/wp-json\/wp\/v2\/types\/page"}],"author":[{"embeddable":true,"href":"https:\/\/www.cukropol.pl\/de\/wp-json\/wp\/v2\/users\/1"}],"replies":[{"embeddable":true,"href":"https:\/\/www.cukropol.pl\/de\/wp-json\/wp\/v2\/comments?post=587"}],"version-history":[{"count":4,"href":"https:\/\/www.cukropol.pl\/de\/wp-json\/wp\/v2\/pages\/587\/revisions"}],"predecessor-version":[{"id":669,"href":"https:\/\/www.cukropol.pl\/de\/wp-json\/wp\/v2\/pages\/587\/revisions\/669"}],"wp:attachment":[{"href":"https:\/\/www.cukropol.pl\/de\/wp-json\/wp\/v2\/media?parent=587"}],"curies":[{"name":"wp","href":"https:\/\/api.w.org\/{rel}","templated":true}]}}